{"id":82,"date":"2024-08-09T15:35:39","date_gmt":"2024-08-09T13:35:39","guid":{"rendered":"https:\/\/www.preprod.mba.magellan-institute.com\/?page_id=82"},"modified":"2024-09-17T16:24:56","modified_gmt":"2024-09-17T14:24:56","slug":"mentions-legales","status":"publish","type":"page","link":"https:\/\/www.mba.magellan-institute.com\/en\/mentions-legales\/","title":{"rendered":"Terms of use"},"content":{"rendered":"<div data-elementor-type=\"wp-page\" data-elementor-id=\"82\" class=\"elementor elementor-82\" data-elementor-post-type=\"page\">\n\t\t\t\t<div data-particle_enable=\"false\" data-particle-mobile-disabled=\"false\" class=\"elementor-element elementor-element-8206097 e-flex e-con-boxed e-con e-parent\" data-id=\"8206097\" data-element_type=\"container\" data-settings=\"{&quot;background_background&quot;:&quot;classic&quot;}\">\n\t\t\t\t\t<div class=\"e-con-inner\">\n\t\t<div data-particle_enable=\"false\" data-particle-mobile-disabled=\"false\" class=\"elementor-element elementor-element-03ba09e e-con-full e-flex e-con e-child\" data-id=\"03ba09e\" data-element_type=\"container\">\n\t\t<div data-particle_enable=\"false\" data-particle-mobile-disabled=\"false\" class=\"elementor-element elementor-element-fa9d042 e-con-full e-flex e-con e-child\" data-id=\"fa9d042\" data-element_type=\"container\">\n\t\t\t\t<div class=\"elementor-element elementor-element-26a6691 elementor-widget elementor-widget-heading\" data-id=\"26a6691\" data-element_type=\"widget\" data-widget_type=\"heading.default\">\n\t\t\t\t<div class=\"elementor-widget-container\">\n\t\t\t\t\t<h2 class=\"elementor-heading-title elementor-size-default\">Terms of use<\/h2>\t\t\t\t<\/div>\n\t\t\t\t<\/div>\n\t\t\t\t<\/div>\n\t\t\t\t<\/div>\n\t\t\t\t\t<\/div>\n\t\t\t\t<\/div>\n\t\t<div data-particle_enable=\"false\" data-particle-mobile-disabled=\"false\" class=\"elementor-element elementor-element-25e174b e-flex e-con-boxed e-con e-parent\" data-id=\"25e174b\" data-element_type=\"container\">\n\t\t\t\t\t<div class=\"e-con-inner\">\n\t\t<div data-particle_enable=\"false\" data-particle-mobile-disabled=\"false\" class=\"elementor-element elementor-element-8a89255 e-con-full e-flex e-con e-child\" data-id=\"8a89255\" data-element_type=\"container\">\n\t\t<div data-particle_enable=\"false\" data-particle-mobile-disabled=\"false\" class=\"elementor-element elementor-element-fe9cfbb e-con-full e-flex e-con e-child\" data-id=\"fe9cfbb\" data-element_type=\"container\">\n\t\t\t\t<div class=\"elementor-element elementor-element-bb8d62f elementor-widget elementor-widget-text-editor\" data-id=\"bb8d62f\" data-element_type=\"widget\" data-widget_type=\"text-editor.default\">\n\t\t\t\t<div class=\"elementor-widget-container\">\n\t\t\t\t\t\t\t\t\t<div class=\"elementor-element elementor-element-9cfa593 elementor-widget elementor-widget-text-editor\" data-id=\"9cfa593\" data-element_type=\"widget\" data-widget_type=\"text-editor.default\"><div class=\"elementor-widget-container\"><p>Under Article 6-III-1 of Law No. 2004-575 of 21 June 2004, known as the Law on trust in the digital economy, you are hereby informed of the following: <\/p><\/div><\/div>\t\t\t\t\t\t\t\t<\/div>\n\t\t\t\t<\/div>\n\t\t\t\t<\/div>\n\t\t<div data-particle_enable=\"false\" data-particle-mobile-disabled=\"false\" class=\"elementor-element elementor-element-d8c8bcb e-con-full e-flex e-con e-child\" data-id=\"d8c8bcb\" data-element_type=\"container\">\n\t\t\t\t<div class=\"elementor-element elementor-element-9ecee53 elementor-widget elementor-widget-heading\" data-id=\"9ecee53\" data-element_type=\"widget\" data-widget_type=\"heading.default\">\n\t\t\t\t<div class=\"elementor-widget-container\">\n\t\t\t\t\t<h2 class=\"elementor-heading-title elementor-size-default\">Publisher\n\n<\/h2>\t\t\t\t<\/div>\n\t\t\t\t<\/div>\n\t\t\t\t<div class=\"elementor-element elementor-element-ab7f37a elementor-widget elementor-widget-text-editor\" data-id=\"ab7f37a\" data-element_type=\"widget\" data-widget_type=\"text-editor.default\">\n\t\t\t\t<div class=\"elementor-widget-container\">\n\t\t\t\t\t\t\t\t\t<p>Cercle Magellan (SASU)<br \/>RCS n\u00b0421151036<br \/>Share capital: \u20ac7622.45<br \/>Head office: 8, rue Armand Moisant, 75015 Paris<br \/>Tel: (+33) 142 34 75 75 Fax: (+33) 140 46 83 97<br \/><a class=\"external-link-new-window\" href=\"http:\/\/www.magellan-network.com\/\" target=\"_blank\" rel=\"noopener\">www.magellan-network.com<\/a><br \/>For any issues related to the website and connection, please contact us:\u00a0<a class=\"mail\">communication(at)magellan-network.com<\/a><\/p>\t\t\t\t\t\t\t\t<\/div>\n\t\t\t\t<\/div>\n\t\t\t\t<\/div>\n\t\t<div data-particle_enable=\"false\" data-particle-mobile-disabled=\"false\" class=\"elementor-element elementor-element-977274e e-con-full e-flex e-con e-child\" data-id=\"977274e\" data-element_type=\"container\">\n\t\t\t\t<div class=\"elementor-element elementor-element-59bc098 elementor-widget elementor-widget-heading\" data-id=\"59bc098\" data-element_type=\"widget\" data-widget_type=\"heading.default\">\n\t\t\t\t<div class=\"elementor-widget-container\">\n\t\t\t\t\t<h2 class=\"elementor-heading-title elementor-size-default\">Publication director\n\n\n\n<\/h2>\t\t\t\t<\/div>\n\t\t\t\t<\/div>\n\t\t\t\t<div class=\"elementor-element elementor-element-3965214 elementor-widget elementor-widget-text-editor\" data-id=\"3965214\" data-element_type=\"widget\" data-widget_type=\"text-editor.default\">\n\t\t\t\t<div class=\"elementor-widget-container\">\n\t\t\t\t\t\t\t\t\t<div class=\"elementor-element elementor-element-1186afb elementor-widget elementor-widget-text-editor\" data-id=\"1186afb\" data-element_type=\"widget\" data-widget_type=\"text-editor.default\"><div class=\"elementor-widget-container\"><p>Ms Sandrine Rampont<\/p><\/div><\/div><div class=\"elementor-element elementor-element-34aa912 elementor-widget elementor-widget-heading\" data-id=\"34aa912\" data-element_type=\"widget\" data-widget_type=\"heading.default\"><div class=\"elementor-widget-container\">\u00a0<\/div><\/div>\t\t\t\t\t\t\t\t<\/div>\n\t\t\t\t<\/div>\n\t\t\t\t<\/div>\n\t\t<div data-particle_enable=\"false\" data-particle-mobile-disabled=\"false\" class=\"elementor-element elementor-element-8b70dcf e-con-full e-flex e-con e-child\" data-id=\"8b70dcf\" data-element_type=\"container\">\n\t\t\t\t<div class=\"elementor-element elementor-element-f690819 elementor-widget elementor-widget-heading\" data-id=\"f690819\" data-element_type=\"widget\" data-widget_type=\"heading.default\">\n\t\t\t\t<div class=\"elementor-widget-container\">\n\t\t\t\t\t<h2 class=\"elementor-heading-title elementor-size-default\">Site development\n\n\n\n\n<\/h2>\t\t\t\t<\/div>\n\t\t\t\t<\/div>\n\t\t\t\t<div class=\"elementor-element elementor-element-e18b940 elementor-widget elementor-widget-text-editor\" data-id=\"e18b940\" data-element_type=\"widget\" data-widget_type=\"text-editor.default\">\n\t\t\t\t<div class=\"elementor-widget-container\">\n\t\t\t\t\t\t\t\t\t<div class=\"elementor-element elementor-element-6130454 elementor-widget elementor-widget-text-editor\" data-id=\"6130454\" data-element_type=\"widget\" data-widget_type=\"text-editor.default\"><div class=\"elementor-widget-container\"><p>ANTEKA (SARL), RCS TOULON B 851 417 006.<\/p><\/div><\/div><div class=\"elementor-element elementor-element-7a7aa9e elementor-widget elementor-widget-heading\" data-id=\"7a7aa9e\" data-element_type=\"widget\" data-widget_type=\"heading.default\"><div class=\"elementor-widget-container\">\u00a0<\/div><\/div>\t\t\t\t\t\t\t\t<\/div>\n\t\t\t\t<\/div>\n\t\t\t\t<\/div>\n\t\t<div data-particle_enable=\"false\" data-particle-mobile-disabled=\"false\" class=\"elementor-element elementor-element-e515a86 e-con-full e-flex e-con e-child\" data-id=\"e515a86\" data-element_type=\"container\">\n\t\t\t\t<div class=\"elementor-element elementor-element-0abee5c elementor-widget elementor-widget-heading\" data-id=\"0abee5c\" data-element_type=\"widget\" data-widget_type=\"heading.default\">\n\t\t\t\t<div class=\"elementor-widget-container\">\n\t\t\t\t\t<h2 class=\"elementor-heading-title elementor-size-default\">Hosting provider\n\n\n\n\n\n<\/h2>\t\t\t\t<\/div>\n\t\t\t\t<\/div>\n\t\t\t\t<div class=\"elementor-element elementor-element-5d7487e elementor-widget elementor-widget-text-editor\" data-id=\"5d7487e\" data-element_type=\"widget\" data-widget_type=\"text-editor.default\">\n\t\t\t\t<div class=\"elementor-widget-container\">\n\t\t\t\t\t\t\t\t\tOVH CLOUD<br\/>\nSAS with capital of \u20ac10,174,560<br\/>\nRCS Lille M\u00e9tropole 424 761 419 00045<br\/>\nAPE code 2620Z<br\/>\nVAT n\u00b0 FR 22 424 761 419<br\/>\nHeadquarters: 2 rue Kellermann \u2013 59100 Roubaix \u2013 France<br\/>\n<a href=\"http:\/\/www.ovhcloud.com\/fr\" target=\"_blank\" rel=\"noopener\">www.ovhcloud.com\/fr<\/a>\t\t\t\t\t\t\t\t<\/div>\n\t\t\t\t<\/div>\n\t\t\t\t<\/div>\n\t\t\t\t<\/div>\n\t\t\t\t\t<\/div>\n\t\t\t\t<\/div>\n\t\t\t\t<\/div>","protected":false},"excerpt":{"rendered":"<p>Mentions l\u00e9gales Conform\u00e9ment \u00e0 l\u2019article 6-III-1 de la loi n\u00b02004-575 du 21 juin 2004 dite pour la confiance dans l\u2019\u00e9conomie num\u00e9rique, vous \u00eates inform\u00e9s des \u00e9l\u00e9ments suivants Editeur Cercle Magellan (SASU)Immatriculation au RCS n\u00b0421151036Capital social : 7622,45 eurosSi\u00e8ge social : 8, rue Armand Moisant, 75015 ParisT\u00e9l : (33.1) 42.34.75.75 Fax : (33.1) 40.46.83.97www.magellan-network.comPour tout probl\u00e8me [&hellip;]<\/p>","protected":false},"author":2,"featured_media":0,"parent":0,"menu_order":0,"comment_status":"closed","ping_status":"closed","template":"elementor_header_footer","meta":{"_acf_changed":false,"footnotes":""},"categories":[],"class_list":["post-82","page","type-page","status-publish","hentry"],"acf":[],"yoast_head":"<!-- This site is optimized with the Yoast SEO plugin v26.7 - https:\/\/yoast.com\/wordpress\/plugins\/seo\/ -->\n<title>Mentions l\u00e9gales - MBA Magellan<\/title>\n<meta name=\"robots\" content=\"index, follow, max-snippet:-1, max-image-preview:large, max-video-preview:-1\" \/>\n<link rel=\"canonical\" href=\"https:\/\/www.mba.magellan-institute.com\/en\/mentions-legales\/\" \/>\n<meta property=\"og:locale\" content=\"en_US\" \/>\n<meta property=\"og:type\" content=\"article\" \/>\n<meta property=\"og:title\" content=\"Mentions l\u00e9gales - MBA Magellan\" \/>\n<meta property=\"og:description\" content=\"Mentions l\u00e9gales Conform\u00e9ment \u00e0 l\u2019article 6-III-1 de la loi n\u00b02004-575 du 21 juin 2004 dite pour la confiance dans l\u2019\u00e9conomie num\u00e9rique, vous \u00eates inform\u00e9s des \u00e9l\u00e9ments suivants Editeur Cercle Magellan (SASU)Immatriculation au RCS n\u00b0421151036Capital social : 7622,45 eurosSi\u00e8ge social : 8, rue Armand Moisant, 75015 ParisT\u00e9l : (33.1) 42.34.75.75 Fax : (33.1) 40.46.83.97www.magellan-network.comPour tout probl\u00e8me [&hellip;]\" \/>\n<meta property=\"og:url\" content=\"https:\/\/www.mba.magellan-institute.com\/en\/mentions-legales\/\" \/>\n<meta property=\"og:site_name\" content=\"MBA Magellan\" \/>\n<meta property=\"article:modified_time\" content=\"2024-09-17T14:24:56+00:00\" \/>\n<meta name=\"twitter:card\" content=\"summary_large_image\" \/>\n<meta name=\"twitter:label1\" content=\"Est. reading time\" \/>\n\t<meta name=\"twitter:data1\" content=\"1 minute\" \/>\n<script type=\"application\/ld+json\" class=\"yoast-schema-graph\">{\"@context\":\"https:\/\/schema.org\",\"@graph\":[{\"@type\":\"WebPage\",\"@id\":\"https:\/\/www.mba.magellan-institute.com\/mentions-legales\/\",\"url\":\"https:\/\/www.mba.magellan-institute.com\/mentions-legales\/\",\"name\":\"Mentions l\u00e9gales - MBA Magellan\",\"isPartOf\":{\"@id\":\"https:\/\/www.mba.magellan-institute.com\/#website\"},\"datePublished\":\"2024-08-09T13:35:39+00:00\",\"dateModified\":\"2024-09-17T14:24:56+00:00\",\"breadcrumb\":{\"@id\":\"https:\/\/www.mba.magellan-institute.com\/mentions-legales\/#breadcrumb\"},\"inLanguage\":\"en-US\",\"potentialAction\":[{\"@type\":\"ReadAction\",\"target\":[\"https:\/\/www.mba.magellan-institute.com\/mentions-legales\/\"]}]},{\"@type\":\"BreadcrumbList\",\"@id\":\"https:\/\/www.mba.magellan-institute.com\/mentions-legales\/#breadcrumb\",\"itemListElement\":[{\"@type\":\"ListItem\",\"position\":1,\"name\":\"Accueil\",\"item\":\"https:\/\/www.mba.magellan-institute.com\/\"},{\"@type\":\"ListItem\",\"position\":2,\"name\":\"Mentions l\u00e9gales\"}]},{\"@type\":\"WebSite\",\"@id\":\"https:\/\/www.mba.magellan-institute.com\/#website\",\"url\":\"https:\/\/www.mba.magellan-institute.com\/\",\"name\":\"MBA Magellan\",\"description\":\"Les MBA de l&#039;Institut Magellan\",\"publisher\":{\"@id\":\"https:\/\/www.mba.magellan-institute.com\/#organization\"},\"potentialAction\":[{\"@type\":\"SearchAction\",\"target\":{\"@type\":\"EntryPoint\",\"urlTemplate\":\"https:\/\/www.mba.magellan-institute.com\/?s={search_term_string}\"},\"query-input\":{\"@type\":\"PropertyValueSpecification\",\"valueRequired\":true,\"valueName\":\"search_term_string\"}}],\"inLanguage\":\"en-US\"},{\"@type\":\"Organization\",\"@id\":\"https:\/\/www.mba.magellan-institute.com\/#organization\",\"name\":\"MBA Magellan\",\"url\":\"https:\/\/www.mba.magellan-institute.com\/\",\"logo\":{\"@type\":\"ImageObject\",\"inLanguage\":\"en-US\",\"@id\":\"https:\/\/www.mba.magellan-institute.com\/#\/schema\/logo\/image\/\",\"url\":\"https:\/\/www.mba.magellan-institute.com\/wp-content\/uploads\/sites\/2\/2024\/06\/Institut-Magellan-logo-institutionnel-sans-tagline-_-fichier-source-grand-002.png\",\"contentUrl\":\"https:\/\/www.mba.magellan-institute.com\/wp-content\/uploads\/sites\/2\/2024\/06\/Institut-Magellan-logo-institutionnel-sans-tagline-_-fichier-source-grand-002.png\",\"width\":3401,\"height\":1862,\"caption\":\"MBA Magellan\"},\"image\":{\"@id\":\"https:\/\/www.mba.magellan-institute.com\/#\/schema\/logo\/image\/\"}}]}<\/script>\n<!-- \/ Yoast SEO plugin. -->","yoast_head_json":{"title":"Mentions l\u00e9gales - MBA Magellan","robots":{"index":"index","follow":"follow","max-snippet":"max-snippet:-1","max-image-preview":"max-image-preview:large","max-video-preview":"max-video-preview:-1"},"canonical":"https:\/\/www.mba.magellan-institute.com\/en\/mentions-legales\/","og_locale":"en_US","og_type":"article","og_title":"Mentions l\u00e9gales - MBA Magellan","og_description":"Mentions l\u00e9gales Conform\u00e9ment \u00e0 l\u2019article 6-III-1 de la loi n\u00b02004-575 du 21 juin 2004 dite pour la confiance dans l\u2019\u00e9conomie num\u00e9rique, vous \u00eates inform\u00e9s des \u00e9l\u00e9ments suivants Editeur Cercle Magellan (SASU)Immatriculation au RCS n\u00b0421151036Capital social : 7622,45 eurosSi\u00e8ge social : 8, rue Armand Moisant, 75015 ParisT\u00e9l : (33.1) 42.34.75.75 Fax : (33.1) 40.46.83.97www.magellan-network.comPour tout probl\u00e8me [&hellip;]","og_url":"https:\/\/www.mba.magellan-institute.com\/en\/mentions-legales\/","og_site_name":"MBA Magellan","article_modified_time":"2024-09-17T14:24:56+00:00","twitter_card":"summary_large_image","twitter_misc":{"Est. reading time":"1 minute"},"schema":{"@context":"https:\/\/schema.org","@graph":[{"@type":"WebPage","@id":"https:\/\/www.mba.magellan-institute.com\/mentions-legales\/","url":"https:\/\/www.mba.magellan-institute.com\/mentions-legales\/","name":"Mentions l\u00e9gales - MBA Magellan","isPartOf":{"@id":"https:\/\/www.mba.magellan-institute.com\/#website"},"datePublished":"2024-08-09T13:35:39+00:00","dateModified":"2024-09-17T14:24:56+00:00","breadcrumb":{"@id":"https:\/\/www.mba.magellan-institute.com\/mentions-legales\/#breadcrumb"},"inLanguage":"en-US","potentialAction":[{"@type":"ReadAction","target":["https:\/\/www.mba.magellan-institute.com\/mentions-legales\/"]}]},{"@type":"BreadcrumbList","@id":"https:\/\/www.mba.magellan-institute.com\/mentions-legales\/#breadcrumb","itemListElement":[{"@type":"ListItem","position":1,"name":"Accueil","item":"https:\/\/www.mba.magellan-institute.com\/"},{"@type":"ListItem","position":2,"name":"Mentions l\u00e9gales"}]},{"@type":"WebSite","@id":"https:\/\/www.mba.magellan-institute.com\/#website","url":"https:\/\/www.mba.magellan-institute.com\/","name":"MBA Magellan","description":"Les MBA de l&#039;Institut Magellan","publisher":{"@id":"https:\/\/www.mba.magellan-institute.com\/#organization"},"potentialAction":[{"@type":"SearchAction","target":{"@type":"EntryPoint","urlTemplate":"https:\/\/www.mba.magellan-institute.com\/?s={search_term_string}"},"query-input":{"@type":"PropertyValueSpecification","valueRequired":true,"valueName":"search_term_string"}}],"inLanguage":"en-US"},{"@type":"Organization","@id":"https:\/\/www.mba.magellan-institute.com\/#organization","name":"MBA Magellan","url":"https:\/\/www.mba.magellan-institute.com\/","logo":{"@type":"ImageObject","inLanguage":"en-US","@id":"https:\/\/www.mba.magellan-institute.com\/#\/schema\/logo\/image\/","url":"https:\/\/www.mba.magellan-institute.com\/wp-content\/uploads\/sites\/2\/2024\/06\/Institut-Magellan-logo-institutionnel-sans-tagline-_-fichier-source-grand-002.png","contentUrl":"https:\/\/www.mba.magellan-institute.com\/wp-content\/uploads\/sites\/2\/2024\/06\/Institut-Magellan-logo-institutionnel-sans-tagline-_-fichier-source-grand-002.png","width":3401,"height":1862,"caption":"MBA Magellan"},"image":{"@id":"https:\/\/www.mba.magellan-institute.com\/#\/schema\/logo\/image\/"}}]}},"_links":{"self":[{"href":"https:\/\/www.mba.magellan-institute.com\/en\/wp-json\/wp\/v2\/pages\/82","targetHints":{"allow":["GET"]}}],"collection":[{"href":"https:\/\/www.mba.magellan-institute.com\/en\/wp-json\/wp\/v2\/pages"}],"about":[{"href":"https:\/\/www.mba.magellan-institute.com\/en\/wp-json\/wp\/v2\/types\/page"}],"author":[{"embeddable":true,"href":"https:\/\/www.mba.magellan-institute.com\/en\/wp-json\/wp\/v2\/users\/2"}],"replies":[{"embeddable":true,"href":"https:\/\/www.mba.magellan-institute.com\/en\/wp-json\/wp\/v2\/comments?post=82"}],"version-history":[{"count":28,"href":"https:\/\/www.mba.magellan-institute.com\/en\/wp-json\/wp\/v2\/pages\/82\/revisions"}],"predecessor-version":[{"id":925,"href":"https:\/\/www.mba.magellan-institute.com\/en\/wp-json\/wp\/v2\/pages\/82\/revisions\/925"}],"wp:attachment":[{"href":"https:\/\/www.mba.magellan-institute.com\/en\/wp-json\/wp\/v2\/media?parent=82"}],"wp:term":[{"taxonomy":"category","embeddable":true,"href":"https:\/\/www.mba.magellan-institute.com\/en\/wp-json\/wp\/v2\/categories?post=82"}],"curies":[{"name":"wp","href":"https:\/\/api.w.org\/{rel}","templated":true}]}}