{"id":77,"date":"2024-08-09T15:34:51","date_gmt":"2024-08-09T13:34:51","guid":{"rendered":"https:\/\/www.preprod.mba.magellan-institute.com\/?page_id=77"},"modified":"2024-09-17T16:25:41","modified_gmt":"2024-09-17T14:25:41","slug":"politique-rgpd","status":"publish","type":"page","link":"https:\/\/www.mba.magellan-institute.com\/en\/politique-rgpd\/","title":{"rendered":"GDPR Policy"},"content":{"rendered":"<div data-elementor-type=\"wp-page\" data-elementor-id=\"77\" class=\"elementor elementor-77\" data-elementor-post-type=\"page\">\n\t\t\t\t<div data-particle_enable=\"false\" data-particle-mobile-disabled=\"false\" class=\"elementor-element elementor-element-8206097 e-flex e-con-boxed e-con e-parent\" data-id=\"8206097\" data-element_type=\"container\" data-settings=\"{&quot;background_background&quot;:&quot;classic&quot;}\">\n\t\t\t\t\t<div class=\"e-con-inner\">\n\t\t<div data-particle_enable=\"false\" data-particle-mobile-disabled=\"false\" class=\"elementor-element elementor-element-03ba09e e-con-full e-flex e-con e-child\" data-id=\"03ba09e\" data-element_type=\"container\">\n\t\t<div data-particle_enable=\"false\" data-particle-mobile-disabled=\"false\" class=\"elementor-element elementor-element-fa9d042 e-con-full e-flex e-con e-child\" data-id=\"fa9d042\" data-element_type=\"container\">\n\t\t\t\t<div class=\"elementor-element elementor-element-26a6691 elementor-widget elementor-widget-heading\" data-id=\"26a6691\" data-element_type=\"widget\" data-widget_type=\"heading.default\">\n\t\t\t\t<div class=\"elementor-widget-container\">\n\t\t\t\t\t<h2 class=\"elementor-heading-title elementor-size-default\">GDPR Policy<\/h2>\t\t\t\t<\/div>\n\t\t\t\t<\/div>\n\t\t\t\t<\/div>\n\t\t\t\t<\/div>\n\t\t\t\t\t<\/div>\n\t\t\t\t<\/div>\n\t\t<div data-particle_enable=\"false\" data-particle-mobile-disabled=\"false\" class=\"elementor-element elementor-element-41aaa84 e-flex e-con-boxed e-con e-parent\" data-id=\"41aaa84\" data-element_type=\"container\">\n\t\t\t\t\t<div class=\"e-con-inner\">\n\t\t<div data-particle_enable=\"false\" data-particle-mobile-disabled=\"false\" class=\"elementor-element elementor-element-3609b1f e-con-full e-flex e-con e-child\" data-id=\"3609b1f\" data-element_type=\"container\">\n\t\t<div data-particle_enable=\"false\" data-particle-mobile-disabled=\"false\" class=\"elementor-element elementor-element-f48497f e-con-full e-flex e-con e-child\" data-id=\"f48497f\" data-element_type=\"container\">\n\t\t\t\t<div class=\"elementor-element elementor-element-fbdc8aa elementor-widget elementor-widget-text-editor\" data-id=\"fbdc8aa\" data-element_type=\"widget\" data-widget_type=\"text-editor.default\">\n\t\t\t\t<div class=\"elementor-widget-container\">\n\t\t\t\t\t\t\t\t\t<p>Le Cercle Magellan s\u2019engage \u00e0 ce que les traitements de donn\u00e9es personnelles effectu\u00e9s \u00e0 partir de ce site, soient conformes au \u00ab r\u00e8glement g\u00e9n\u00e9ral sur la protection des donn\u00e9es \u00bb (RGPD) et \u00e0 la loi n\u00b0 78-17 du 6 janvier 1978 modifi\u00e9e, relative \u00e0 l\u2019informatique, aux fichiers et aux libert\u00e9s.<\/p>\n<p>Les donn\u00e9es statistiques recueillies sont utilis\u00e9es pour permettre d\u2019enrichir le parcours des internautes, fournir une meilleure information et ainsi participer \u00e0 l\u2019am\u00e9lioration des services du Cercle Magellan.<\/p>\t\t\t\t\t\t\t\t<\/div>\n\t\t\t\t<\/div>\n\t\t\t\t<\/div>\n\t\t<div data-particle_enable=\"false\" data-particle-mobile-disabled=\"false\" class=\"elementor-element elementor-element-dae6012 e-con-full e-flex e-con e-child\" data-id=\"dae6012\" data-element_type=\"container\">\n\t\t\t\t<div class=\"elementor-element elementor-element-ccc5943 elementor-widget elementor-widget-heading\" data-id=\"ccc5943\" data-element_type=\"widget\" data-widget_type=\"heading.default\">\n\t\t\t\t<div class=\"elementor-widget-container\">\n\t\t\t\t\t<h2 class=\"elementor-heading-title elementor-size-default\">Collecte et utilisation des donn\u00e9es\n\n<\/h2>\t\t\t\t<\/div>\n\t\t\t\t<\/div>\n\t\t\t\t<div class=\"elementor-element elementor-element-59c8eb9 elementor-widget elementor-widget-text-editor\" data-id=\"59c8eb9\" data-element_type=\"widget\" data-widget_type=\"text-editor.default\">\n\t\t\t\t<div class=\"elementor-widget-container\">\n\t\t\t\t\t\t\t\t\t<p>Le renseignement des donn\u00e9es est facultatif, et les donn\u00e9es collect\u00e9es sont appel\u00e9es \u00e0 \u00eatre utilis\u00e9es principalement pour mettre en relation les utilisateurs du site avec les \u00e9quipes g\u00e9rant les activit\u00e9s de la soci\u00e9t\u00e9. \u00a0<br \/>Les donn\u00e9es collect\u00e9es font l\u2019objet de traitements informatis\u00e9s sur la base de l\u2019int\u00e9r\u00eat l\u00e9gitime du Cercle Magellan.<\/p>\t\t\t\t\t\t\t\t<\/div>\n\t\t\t\t<\/div>\n\t\t\t\t<\/div>\n\t\t<div data-particle_enable=\"false\" data-particle-mobile-disabled=\"false\" class=\"elementor-element elementor-element-30ce676 e-con-full e-flex e-con e-child\" data-id=\"30ce676\" data-element_type=\"container\">\n\t\t\t\t<div class=\"elementor-element elementor-element-6836421 elementor-widget elementor-widget-heading\" data-id=\"6836421\" data-element_type=\"widget\" data-widget_type=\"heading.default\">\n\t\t\t\t<div class=\"elementor-widget-container\">\n\t\t\t\t\t<h2 class=\"elementor-heading-title elementor-size-default\">Information et exercice des droits\n\n\n<\/h2>\t\t\t\t<\/div>\n\t\t\t\t<\/div>\n\t\t\t\t<div class=\"elementor-element elementor-element-e75f85c elementor-widget elementor-widget-text-editor\" data-id=\"e75f85c\" data-element_type=\"widget\" data-widget_type=\"text-editor.default\">\n\t\t\t\t<div class=\"elementor-widget-container\">\n\t\t\t\t\t\t\t\t\t<p>Afin de pr\u00e9server la vie priv\u00e9e et la protection des donn\u00e9es \u00e0 caract\u00e8re personnel de tous, le Cercle Magellan a d\u00e9sign\u00e9 un \u00ab D\u00e9l\u00e9gu\u00e9 \u00e0 la Protection des Donn\u00e9es \u00bb (DPO) qui exerce ses missions en toute ind\u00e9pendance.<br \/>Le DPO est un interlocuteur sp\u00e9cialis\u00e9 dans la protection des donn\u00e9es personnelles, charg\u00e9 de veiller \u00e0 la bonne application des r\u00e8gles de protection des donn\u00e9es, interlocuteur privil\u00e9gi\u00e9 de la Commission Nationale de l\u2019Informatique et des Libert\u00e9s (CNIL) et de toutes personnes concern\u00e9es par une collecte ou un traitement de donn\u00e9es \u00e0 caract\u00e8re personnel.<\/p>\n<p>L\u2019utilisateur dispose, dans les conditions pr\u00e9vues par la r\u00e9glementation applicable, des droits suivants : acc\u00e8s aux donn\u00e9es \u00e0 caract\u00e8re personnel collect\u00e9es le concernant ; rectification ou de mise \u00e0 jour des donn\u00e9es inexactes, incompl\u00e8tes ou p\u00e9rim\u00e9es ; effacement ; limitation ; opposition pour motifs l\u00e9gitimes ; portabilit\u00e9.<br \/>Pour exercer ces droits, l\u2019utilisateur est invit\u00e9 \u00e0 transmettre une demande explicite en ce sens soit par courriel \u00e0 l\u2019adresse dpo@magellan-network.com soit par courrier au Cercle Magellan, \u00e0 l\u2019attention du DPO, 8, rue Armand Moisant, 75015 Paris.<\/p>\n<p>L\u2019utilisateur a \u00e9galement la possibilit\u00e9 d\u2019introduire une r\u00e9clamation aupr\u00e8s de l\u2019autorit\u00e9 de contr\u00f4le en charge de la protection des donn\u00e9es.<\/p>\n<p>Les donn\u00e9es collect\u00e9es sont h\u00e9berg\u00e9es chez OVH. L\u2019h\u00e9bergeur garantit que cet h\u00e9bergement restera localis\u00e9 au sein de l\u2019Union Europ\u00e9enne<\/p>\t\t\t\t\t\t\t\t<\/div>\n\t\t\t\t<\/div>\n\t\t\t\t<\/div>\n\t\t<div data-particle_enable=\"false\" data-particle-mobile-disabled=\"false\" class=\"elementor-element elementor-element-9af5b67 e-con-full e-flex e-con e-child\" data-id=\"9af5b67\" data-element_type=\"container\">\n\t\t\t\t<div class=\"elementor-element elementor-element-f8a44d8 elementor-widget elementor-widget-heading\" data-id=\"f8a44d8\" data-element_type=\"widget\" data-widget_type=\"heading.default\">\n\t\t\t\t<div class=\"elementor-widget-container\">\n\t\t\t\t\t<h2 class=\"elementor-heading-title elementor-size-default\">Cookies\n\n\n\n<\/h2>\t\t\t\t<\/div>\n\t\t\t\t<\/div>\n\t\t\t\t<div class=\"elementor-element elementor-element-3438355 elementor-widget elementor-widget-text-editor\" data-id=\"3438355\" data-element_type=\"widget\" data-widget_type=\"text-editor.default\">\n\t\t\t\t<div class=\"elementor-widget-container\">\n\t\t\t\t\t\t\t\t\t<p>Les utilisateurs sont inform\u00e9s que, lors de leur visite sur ce site, des cookies peuvent s\u2019installer automatiquement sur leur logiciel de navigation.<\/p>\n<p><strong>Qu\u2019est-ce qu\u2019un cookie ?<\/strong><br \/>Un cookie est un fichier texte d\u00e9pos\u00e9 sur votre ordinateur lors de la visite d\u2019un site. Il contient des donn\u00e9es utilisateur permettant de faciliter votre navigation et de permettre certaines fonctionnalit\u00e9s telles que stocker le contenu d\u2019un panier d\u2019achat, enregistrer les param\u00e8tres de langue d\u2019un site ou encore pour faire de la publicit\u00e9 cibl\u00e9e.<\/p>\n<p><strong>Quelle est la finalit\u00e9 de nos cookies ?<\/strong><br \/>Les cookies d\u00e9pos\u00e9s sur votre ordinateur, votre tablette ou votre mobile nous permettent de reconna\u00eetre votre navigateur lorsque vous vous connectez \u00e0 notre site. Soucieux des services que nous vous proposons, nous \u00e9mettons des cookies afin :<\/p>\n<ul>\n<li>d\u2019\u00e9tablir des statistiques de fr\u00e9quentation (nombre de visites, de pages vues, etc.) afin de suivre et d\u2019am\u00e9liorer la qualit\u00e9 de nos services,<\/li>\n<li>d\u2019adapter la pr\u00e9sentation de notre site aux pr\u00e9f\u00e9rences d\u2019affichages de votre terminal,<\/li>\n<li>de vous fournir du contenu, en rapport avec vos centres d\u2019int\u00e9r\u00eats et de personnaliser les offres que nous vous adressons.<\/li>\n<\/ul>\n<p><strong>Que se passe-t-il si vous n\u2019autorisez pas les cookies ?<\/strong><br \/>Si les cookies ne sont pas autoris\u00e9s sur votre ordinateur, votre tablette ou votre mobile, votre exp\u00e9rience sur notre site Internet peut \u00eatre limit\u00e9e (par exemple, il se peut que vous ne puissiez naviguer librement sur tout le site).<\/p>\n<p><strong>Comment d\u00e9sactiver\/activer les cookies ?\u00a0<\/strong><br \/>Vous pouvez choisir de d\u00e9sactiver les cookies dans votre navigateur \u00e0 tout moment en suivant les instructions fournies dans les fichiers d\u2019aide de votre navigateur.<\/p>\n<p>Vous pouvez \u00e9galement param\u00e9trer vos cookies directement dans les r\u00e9glages de votre navigateur :<br \/>&#8211; Google Chrome :\u00a0<a href=\"https:\/\/support.google.com\/chrome\/answer\/95647?hl=fr\" target=\"_blank\" rel=\"noopener\">https:\/\/support.google.com\/chrome\/answer\/95647?hl=fr<\/a><br \/>&#8211; Internet Explorer :\u00a0<a href=\"https:\/\/support.microsoft.com\/fr-fr\/help\/4027947\/windows-delete-cookies\" target=\"_blank\" rel=\"noopener\">https:\/\/support.microsoft.com\/fr-fr\/help\/4027947\/windows-delete-cookies<\/a><br \/>&#8211; Mozilla Firefox :\u00a0<a href=\"https:\/\/support.mozilla.org\/fr\/kb\/activer-desactiver-cookies\" target=\"_blank\" rel=\"noopener\">https:\/\/support.mozilla.org\/fr\/kb\/activer-desactiver-cookies<\/a><br \/>&#8211; Safari :\u00a0<a href=\"https:\/\/support.apple.com\/fr-fr\/guide\/safari\/sfri11471\/mac\" target=\"_blank\" rel=\"noopener\">https:\/\/support.apple.com\/fr-fr\/guide\/safari\/sfri11471\/mac<\/a><\/p>\n<p>Pour plus d\u2019informations sur les cookies et les moyens permettant d\u2019emp\u00eacher leur installation, l\u2019utilisateur peut se rendre sur la page d\u00e9di\u00e9e sur le site internet de la CNIL :\u00a0<a href=\"https:\/\/www.cnil.fr\/fr\/cookies-et-autres-traceurs\/comment-se-proteger\/maitriser-votre-navigateur\" target=\"_blank\" rel=\"noopener\">https:\/\/www.cnil.fr\/fr\/cookies-et-autres-traceurs\/comment-se-proteger\/maitriser-votre-navigateur<\/a>.<\/p>\t\t\t\t\t\t\t\t<\/div>\n\t\t\t\t<\/div>\n\t\t\t\t<\/div>\n\t\t\t\t<\/div>\n\t\t\t\t\t<\/div>\n\t\t\t\t<\/div>\n\t\t\t\t<\/div>","protected":false},"excerpt":{"rendered":"<p>Politique RGPD Le Cercle Magellan s\u2019engage \u00e0 ce que les traitements de donn\u00e9es personnelles effectu\u00e9s \u00e0 partir de ce site, soient conformes au \u00ab r\u00e8glement g\u00e9n\u00e9ral sur la protection des donn\u00e9es \u00bb (RGPD) et \u00e0 la loi n\u00b0 78-17 du 6 janvier 1978 modifi\u00e9e, relative \u00e0 l\u2019informatique, aux fichiers et aux libert\u00e9s. Les donn\u00e9es statistiques [&hellip;]<\/p>","protected":false},"author":2,"featured_media":242,"parent":0,"menu_order":0,"comment_status":"closed","ping_status":"closed","template":"elementor_header_footer","meta":{"_acf_changed":false,"footnotes":""},"categories":[],"class_list":["post-77","page","type-page","status-publish","has-post-thumbnail","hentry"],"acf":[],"yoast_head":"<!-- This site is optimized with the Yoast SEO plugin v26.7 - https:\/\/yoast.com\/wordpress\/plugins\/seo\/ -->\n<title>Politique RGPD - MBA Magellan<\/title>\n<meta name=\"robots\" content=\"index, follow, max-snippet:-1, max-image-preview:large, max-video-preview:-1\" \/>\n<link rel=\"canonical\" href=\"https:\/\/www.mba.magellan-institute.com\/en\/politique-rgpd\/\" \/>\n<meta property=\"og:locale\" content=\"en_US\" \/>\n<meta property=\"og:type\" content=\"article\" \/>\n<meta property=\"og:title\" content=\"Politique RGPD - MBA Magellan\" \/>\n<meta property=\"og:description\" content=\"Politique RGPD Le Cercle Magellan s\u2019engage \u00e0 ce que les traitements de donn\u00e9es personnelles effectu\u00e9s \u00e0 partir de ce site, soient conformes au \u00ab r\u00e8glement g\u00e9n\u00e9ral sur la protection des donn\u00e9es \u00bb (RGPD) et \u00e0 la loi n\u00b0 78-17 du 6 janvier 1978 modifi\u00e9e, relative \u00e0 l\u2019informatique, aux fichiers et aux libert\u00e9s. Les donn\u00e9es statistiques [&hellip;]\" \/>\n<meta property=\"og:url\" content=\"https:\/\/www.mba.magellan-institute.com\/en\/politique-rgpd\/\" \/>\n<meta property=\"og:site_name\" content=\"MBA Magellan\" \/>\n<meta property=\"article:modified_time\" content=\"2024-09-17T14:25:41+00:00\" \/>\n<meta property=\"og:image\" content=\"https:\/\/www.mba.magellan-institute.com\/wp-content\/uploads\/sites\/2\/2024\/08\/headway-5QgIuuBxKwM-unsplash-1-1-scaled-1.webp\" \/>\n\t<meta property=\"og:image:width\" content=\"1920\" \/>\n\t<meta property=\"og:image:height\" content=\"1280\" \/>\n\t<meta property=\"og:image:type\" content=\"image\/webp\" \/>\n<meta name=\"twitter:card\" content=\"summary_large_image\" \/>\n<meta name=\"twitter:label1\" content=\"Est. reading time\" \/>\n\t<meta name=\"twitter:data1\" content=\"4 minutes\" \/>\n<script type=\"application\/ld+json\" class=\"yoast-schema-graph\">{\"@context\":\"https:\/\/schema.org\",\"@graph\":[{\"@type\":\"WebPage\",\"@id\":\"https:\/\/www.mba.magellan-institute.com\/politique-rgpd\/\",\"url\":\"https:\/\/www.mba.magellan-institute.com\/politique-rgpd\/\",\"name\":\"Politique RGPD - MBA Magellan\",\"isPartOf\":{\"@id\":\"https:\/\/www.mba.magellan-institute.com\/#website\"},\"primaryImageOfPage\":{\"@id\":\"https:\/\/www.mba.magellan-institute.com\/politique-rgpd\/#primaryimage\"},\"image\":{\"@id\":\"https:\/\/www.mba.magellan-institute.com\/politique-rgpd\/#primaryimage\"},\"thumbnailUrl\":\"https:\/\/www.mba.magellan-institute.com\/wp-content\/uploads\/sites\/2\/2024\/08\/headway-5QgIuuBxKwM-unsplash-1-1-scaled-1.webp\",\"datePublished\":\"2024-08-09T13:34:51+00:00\",\"dateModified\":\"2024-09-17T14:25:41+00:00\",\"breadcrumb\":{\"@id\":\"https:\/\/www.mba.magellan-institute.com\/politique-rgpd\/#breadcrumb\"},\"inLanguage\":\"en-US\",\"potentialAction\":[{\"@type\":\"ReadAction\",\"target\":[\"https:\/\/www.mba.magellan-institute.com\/politique-rgpd\/\"]}]},{\"@type\":\"ImageObject\",\"inLanguage\":\"en-US\",\"@id\":\"https:\/\/www.mba.magellan-institute.com\/politique-rgpd\/#primaryimage\",\"url\":\"https:\/\/www.mba.magellan-institute.com\/wp-content\/uploads\/sites\/2\/2024\/08\/headway-5QgIuuBxKwM-unsplash-1-1-scaled-1.webp\",\"contentUrl\":\"https:\/\/www.mba.magellan-institute.com\/wp-content\/uploads\/sites\/2\/2024\/08\/headway-5QgIuuBxKwM-unsplash-1-1-scaled-1.webp\",\"width\":1920,\"height\":1280},{\"@type\":\"BreadcrumbList\",\"@id\":\"https:\/\/www.mba.magellan-institute.com\/politique-rgpd\/#breadcrumb\",\"itemListElement\":[{\"@type\":\"ListItem\",\"position\":1,\"name\":\"Accueil\",\"item\":\"https:\/\/www.mba.magellan-institute.com\/\"},{\"@type\":\"ListItem\",\"position\":2,\"name\":\"Politique RGPD\"}]},{\"@type\":\"WebSite\",\"@id\":\"https:\/\/www.mba.magellan-institute.com\/#website\",\"url\":\"https:\/\/www.mba.magellan-institute.com\/\",\"name\":\"MBA Magellan\",\"description\":\"Les MBA de l&#039;Institut Magellan\",\"publisher\":{\"@id\":\"https:\/\/www.mba.magellan-institute.com\/#organization\"},\"potentialAction\":[{\"@type\":\"SearchAction\",\"target\":{\"@type\":\"EntryPoint\",\"urlTemplate\":\"https:\/\/www.mba.magellan-institute.com\/?s={search_term_string}\"},\"query-input\":{\"@type\":\"PropertyValueSpecification\",\"valueRequired\":true,\"valueName\":\"search_term_string\"}}],\"inLanguage\":\"en-US\"},{\"@type\":\"Organization\",\"@id\":\"https:\/\/www.mba.magellan-institute.com\/#organization\",\"name\":\"MBA Magellan\",\"url\":\"https:\/\/www.mba.magellan-institute.com\/\",\"logo\":{\"@type\":\"ImageObject\",\"inLanguage\":\"en-US\",\"@id\":\"https:\/\/www.mba.magellan-institute.com\/#\/schema\/logo\/image\/\",\"url\":\"https:\/\/www.mba.magellan-institute.com\/wp-content\/uploads\/sites\/2\/2024\/06\/Institut-Magellan-logo-institutionnel-sans-tagline-_-fichier-source-grand-002.png\",\"contentUrl\":\"https:\/\/www.mba.magellan-institute.com\/wp-content\/uploads\/sites\/2\/2024\/06\/Institut-Magellan-logo-institutionnel-sans-tagline-_-fichier-source-grand-002.png\",\"width\":3401,\"height\":1862,\"caption\":\"MBA Magellan\"},\"image\":{\"@id\":\"https:\/\/www.mba.magellan-institute.com\/#\/schema\/logo\/image\/\"}}]}<\/script>\n<!-- \/ Yoast SEO plugin. -->","yoast_head_json":{"title":"Politique RGPD - MBA Magellan","robots":{"index":"index","follow":"follow","max-snippet":"max-snippet:-1","max-image-preview":"max-image-preview:large","max-video-preview":"max-video-preview:-1"},"canonical":"https:\/\/www.mba.magellan-institute.com\/en\/politique-rgpd\/","og_locale":"en_US","og_type":"article","og_title":"Politique RGPD - MBA Magellan","og_description":"Politique RGPD Le Cercle Magellan s\u2019engage \u00e0 ce que les traitements de donn\u00e9es personnelles effectu\u00e9s \u00e0 partir de ce site, soient conformes au \u00ab r\u00e8glement g\u00e9n\u00e9ral sur la protection des donn\u00e9es \u00bb (RGPD) et \u00e0 la loi n\u00b0 78-17 du 6 janvier 1978 modifi\u00e9e, relative \u00e0 l\u2019informatique, aux fichiers et aux libert\u00e9s. Les donn\u00e9es statistiques [&hellip;]","og_url":"https:\/\/www.mba.magellan-institute.com\/en\/politique-rgpd\/","og_site_name":"MBA Magellan","article_modified_time":"2024-09-17T14:25:41+00:00","og_image":[{"width":1920,"height":1280,"url":"https:\/\/www.mba.magellan-institute.com\/wp-content\/uploads\/sites\/2\/2024\/08\/headway-5QgIuuBxKwM-unsplash-1-1-scaled-1.webp","type":"image\/webp"}],"twitter_card":"summary_large_image","twitter_misc":{"Est. reading time":"4 minutes"},"schema":{"@context":"https:\/\/schema.org","@graph":[{"@type":"WebPage","@id":"https:\/\/www.mba.magellan-institute.com\/politique-rgpd\/","url":"https:\/\/www.mba.magellan-institute.com\/politique-rgpd\/","name":"Politique RGPD - MBA Magellan","isPartOf":{"@id":"https:\/\/www.mba.magellan-institute.com\/#website"},"primaryImageOfPage":{"@id":"https:\/\/www.mba.magellan-institute.com\/politique-rgpd\/#primaryimage"},"image":{"@id":"https:\/\/www.mba.magellan-institute.com\/politique-rgpd\/#primaryimage"},"thumbnailUrl":"https:\/\/www.mba.magellan-institute.com\/wp-content\/uploads\/sites\/2\/2024\/08\/headway-5QgIuuBxKwM-unsplash-1-1-scaled-1.webp","datePublished":"2024-08-09T13:34:51+00:00","dateModified":"2024-09-17T14:25:41+00:00","breadcrumb":{"@id":"https:\/\/www.mba.magellan-institute.com\/politique-rgpd\/#breadcrumb"},"inLanguage":"en-US","potentialAction":[{"@type":"ReadAction","target":["https:\/\/www.mba.magellan-institute.com\/politique-rgpd\/"]}]},{"@type":"ImageObject","inLanguage":"en-US","@id":"https:\/\/www.mba.magellan-institute.com\/politique-rgpd\/#primaryimage","url":"https:\/\/www.mba.magellan-institute.com\/wp-content\/uploads\/sites\/2\/2024\/08\/headway-5QgIuuBxKwM-unsplash-1-1-scaled-1.webp","contentUrl":"https:\/\/www.mba.magellan-institute.com\/wp-content\/uploads\/sites\/2\/2024\/08\/headway-5QgIuuBxKwM-unsplash-1-1-scaled-1.webp","width":1920,"height":1280},{"@type":"BreadcrumbList","@id":"https:\/\/www.mba.magellan-institute.com\/politique-rgpd\/#breadcrumb","itemListElement":[{"@type":"ListItem","position":1,"name":"Accueil","item":"https:\/\/www.mba.magellan-institute.com\/"},{"@type":"ListItem","position":2,"name":"Politique RGPD"}]},{"@type":"WebSite","@id":"https:\/\/www.mba.magellan-institute.com\/#website","url":"https:\/\/www.mba.magellan-institute.com\/","name":"MBA Magellan","description":"Les MBA de l&#039;Institut Magellan","publisher":{"@id":"https:\/\/www.mba.magellan-institute.com\/#organization"},"potentialAction":[{"@type":"SearchAction","target":{"@type":"EntryPoint","urlTemplate":"https:\/\/www.mba.magellan-institute.com\/?s={search_term_string}"},"query-input":{"@type":"PropertyValueSpecification","valueRequired":true,"valueName":"search_term_string"}}],"inLanguage":"en-US"},{"@type":"Organization","@id":"https:\/\/www.mba.magellan-institute.com\/#organization","name":"MBA Magellan","url":"https:\/\/www.mba.magellan-institute.com\/","logo":{"@type":"ImageObject","inLanguage":"en-US","@id":"https:\/\/www.mba.magellan-institute.com\/#\/schema\/logo\/image\/","url":"https:\/\/www.mba.magellan-institute.com\/wp-content\/uploads\/sites\/2\/2024\/06\/Institut-Magellan-logo-institutionnel-sans-tagline-_-fichier-source-grand-002.png","contentUrl":"https:\/\/www.mba.magellan-institute.com\/wp-content\/uploads\/sites\/2\/2024\/06\/Institut-Magellan-logo-institutionnel-sans-tagline-_-fichier-source-grand-002.png","width":3401,"height":1862,"caption":"MBA Magellan"},"image":{"@id":"https:\/\/www.mba.magellan-institute.com\/#\/schema\/logo\/image\/"}}]}},"_links":{"self":[{"href":"https:\/\/www.mba.magellan-institute.com\/en\/wp-json\/wp\/v2\/pages\/77","targetHints":{"allow":["GET"]}}],"collection":[{"href":"https:\/\/www.mba.magellan-institute.com\/en\/wp-json\/wp\/v2\/pages"}],"about":[{"href":"https:\/\/www.mba.magellan-institute.com\/en\/wp-json\/wp\/v2\/types\/page"}],"author":[{"embeddable":true,"href":"https:\/\/www.mba.magellan-institute.com\/en\/wp-json\/wp\/v2\/users\/2"}],"replies":[{"embeddable":true,"href":"https:\/\/www.mba.magellan-institute.com\/en\/wp-json\/wp\/v2\/comments?post=77"}],"version-history":[{"count":18,"href":"https:\/\/www.mba.magellan-institute.com\/en\/wp-json\/wp\/v2\/pages\/77\/revisions"}],"predecessor-version":[{"id":3692,"href":"https:\/\/www.mba.magellan-institute.com\/en\/wp-json\/wp\/v2\/pages\/77\/revisions\/3692"}],"wp:featuredmedia":[{"embeddable":true,"href":"https:\/\/www.mba.magellan-institute.com\/en\/wp-json\/wp\/v2\/media\/242"}],"wp:attachment":[{"href":"https:\/\/www.mba.magellan-institute.com\/en\/wp-json\/wp\/v2\/media?parent=77"}],"wp:term":[{"taxonomy":"category","embeddable":true,"href":"https:\/\/www.mba.magellan-institute.com\/en\/wp-json\/wp\/v2\/categories?post=77"}],"curies":[{"name":"wp","href":"https:\/\/api.w.org\/{rel}","templated":true}]}}