{"id":72,"date":"2024-08-09T15:33:31","date_gmt":"2024-08-09T13:33:31","guid":{"rendered":"https:\/\/www.preprod.mba.magellan-institute.com\/?page_id=72"},"modified":"2026-03-23T11:11:25","modified_gmt":"2026-03-23T10:11:25","slug":"contact","status":"publish","type":"page","link":"https:\/\/www.mba.magellan-institute.com\/en\/contact\/","title":{"rendered":"CONTACT"},"content":{"rendered":"<div data-elementor-type=\"wp-page\" data-elementor-id=\"72\" class=\"elementor elementor-72\" data-elementor-post-type=\"page\">\n\t\t\t\t<div data-particle_enable=\"false\" data-particle-mobile-disabled=\"false\" class=\"elementor-element elementor-element-7aacf31 e-flex e-con-boxed e-con e-parent\" data-id=\"7aacf31\" data-element_type=\"container\" data-settings=\"{&quot;background_background&quot;:&quot;classic&quot;}\">\n\t\t\t\t\t<div class=\"e-con-inner\">\n\t\t<div data-particle_enable=\"false\" data-particle-mobile-disabled=\"false\" class=\"elementor-element elementor-element-87b284c e-con-full e-flex e-con e-child\" data-id=\"87b284c\" data-element_type=\"container\">\n\t\t\t\t<div class=\"elementor-element elementor-element-27ebc25 elementor-widget elementor-widget-heading\" data-id=\"27ebc25\" data-element_type=\"widget\" data-widget_type=\"heading.default\">\n\t\t\t\t<div class=\"elementor-widget-container\">\n\t\t\t\t\t<h2 class=\"elementor-heading-title elementor-size-default\">Contact Us<\/h2>\t\t\t\t<\/div>\n\t\t\t\t<\/div>\n\t\t\t\t<div class=\"elementor-element elementor-element-bb6ea30 elementor-widget elementor-widget-text-editor\" data-id=\"bb6ea30\" data-element_type=\"widget\" data-widget_type=\"text-editor.default\">\n\t\t\t\t<div class=\"elementor-widget-container\">\n\t\t\t\t\t\t\t\t\t<p>Do you have questions about the MBAs offered at the Institut Magellan?\u00a0<br \/>\u00a0<\/p><p>N\u2019attendez plus et contactez-nous directement via le formulaire ci-dessous ou par email aupr\u00e8s de la coordinatrice des formations qui se fera une joie de vous r\u00e9pondre sous 48h \u00e0 l\u2019adresse email suivante :\u00a0<\/p>\t\t\t\t\t\t\t\t<\/div>\n\t\t\t\t<\/div>\n\t\t\t\t<div class=\"elementor-element elementor-element-6b5eaff elementor-icon-list--layout-traditional elementor-list-item-link-full_width elementor-widget elementor-widget-icon-list\" data-id=\"6b5eaff\" data-element_type=\"widget\" data-widget_type=\"icon-list.default\">\n\t\t\t\t<div class=\"elementor-widget-container\">\n\t\t\t\t\t\t\t<ul class=\"elementor-icon-list-items\">\n\t\t\t\t\t\t\t<li class=\"elementor-icon-list-item\">\n\t\t\t\t\t\t\t\t\t\t\t<span class=\"elementor-icon-list-icon\">\n\t\t\t\t\t\t\t<svg aria-hidden=\"true\" class=\"e-font-icon-svg e-fas-mail-bulk\" viewbox=\"0 0 576 512\" xmlns=\"http:\/\/www.w3.org\/2000\/svg\"><path d=\"M160 448c-25.6 0-51.2-22.4-64-32-64-44.8-83.2-60.8-96-70.4V480c0 17.67 14.33 32 32 32h256c17.67 0 32-14.33 32-32V345.6c-12.8 9.6-32 25.6-96 70.4-12.8 9.6-38.4 32-64 32zm128-192H32c-17.67 0-32 14.33-32 32v16c25.6 19.2 22.4 19.2 115.2 86.4 9.6 6.4 28.8 25.6 44.8 25.6s35.2-19.2 44.8-22.4c92.8-67.2 89.6-67.2 115.2-86.4V288c0-17.67-14.33-32-32-32zm256-96H224c-17.67 0-32 14.33-32 32v32h96c33.21 0 60.59 25.42 63.71 57.82l.29-.22V416h192c17.67 0 32-14.33 32-32V192c0-17.67-14.33-32-32-32zm-32 128h-64v-64h64v64zm-352-96c0-35.29 28.71-64 64-64h224V32c0-17.67-14.33-32-32-32H96C78.33 0 64 14.33 64 32v192h96v-32z\"><\/path><\/svg>\t\t\t\t\t\t<\/span>\n\t\t\t\t\t\t\t\t\t\t<span class=\"elementor-icon-list-text\">contact@magellan-institute.com<\/span>\n\t\t\t\t\t\t\t\t\t<\/li>\n\t\t\t\t\t\t<\/ul>\n\t\t\t\t\t\t<\/div>\n\t\t\t\t<\/div>\n\t\t\t\t<div class=\"elementor-element elementor-element-274247c elementor-widget elementor-widget-button\" data-id=\"274247c\" data-element_type=\"widget\" data-widget_type=\"button.default\">\n\t\t\t\t<div class=\"elementor-widget-container\">\n\t\t\t\t\t\t\t\t\t<div class=\"elementor-button-wrapper\">\n\t\t\t\t\t<a class=\"elementor-button elementor-button-link elementor-size-sm\" href=\"https:\/\/www.mba.magellan-institute.com\/en\/qui-sommes-nous\/\">\n\t\t\t\t\t\t<span class=\"elementor-button-content-wrapper\">\n\t\t\t\t\t\t\t\t\t<span class=\"elementor-button-text\">Learn more about the Institut Magellan<\/span>\n\t\t\t\t\t<\/span>\n\t\t\t\t\t<\/a>\n\t\t\t\t<\/div>\n\t\t\t\t\t\t\t\t<\/div>\n\t\t\t\t<\/div>\n\t\t\t\t<\/div>\n\t\t<div data-particle_enable=\"false\" data-particle-mobile-disabled=\"false\" class=\"elementor-element elementor-element-b284397 e-con-full e-flex e-con e-child\" data-id=\"b284397\" data-element_type=\"container\">\n\t\t<div data-particle_enable=\"false\" data-particle-mobile-disabled=\"false\" class=\"elementor-element elementor-element-68a3345 e-con-full e-flex e-con e-child\" data-id=\"68a3345\" data-element_type=\"container\">\n\t\t\t\t<div class=\"elementor-element elementor-element-eb39d47 elementor-widget elementor-widget-html\" data-id=\"eb39d47\" data-element_type=\"widget\" data-widget_type=\"html.default\">\n\t\t\t\t<div class=\"elementor-widget-container\">\n\t\t\t\t\t<style>.elementor-element-eb39d47{display:none !important}<\/style>\t\t\t\t<\/div>\n\t\t\t\t<\/div>\n\t\t\t\t<div class=\"elementor-element elementor-element-54aeecc elementor-widget elementor-widget-html\" data-id=\"54aeecc\" data-element_type=\"widget\" data-widget_type=\"html.default\">\n\t\t\t\t<div class=\"elementor-widget-container\">\n\t\t\t\t\t <div id=\"primary1\" class=\"content-area contentFormAnacours\" style=\"display:block;\">\n\n          <form action=\"#\" class=\"form\" data-trp-original-action=\"#\">\n          \n          <div class=\"form-mains\">\n\t\t\t  \n            <div class=\"form-main\" id=\"stepInstru\">\n\t\t\t\t    <h3 class=\"main-title\">Your needs<\/h3>\n\n                   <div class=\"form-group\">\n                 <label for=\"options\">Select a Topic:<\/label>\n                <select id=\"options\" name=\"options\">\n                    <option value=\"choisissez\">Select a subject:<\/option>\n                       <option value=\"MBA Global Compensation &amp; Benefits\">MBA in Global Compensation &amp; Benefits<\/option><option value=\"MBA International HR Management \/ Majeure : International Mobility\">MBA INTERNATIONAL HR MANAGEMENT \/ Specializing in International Mobility<\/option><option value=\"MBA International HR Management \/ Majeure : People Development\">MBA INTERNATIONAL HR MANAGEMENT \/ Specializing in People Development<\/option><option value=\"MBA International HR Management \/ Je ne sais pas encore pour la majeure\">MBA INTERNATIONAL HR MANAGEMENT \/ I don\u2019t know the specialization yet<\/option><option value=\"Les 2 MBA\">Both<\/option><option value=\"Autre\">I don\u2019t know<\/option>\n                <\/select>\n            <\/div>\n           \n                \n                    <div>\n                        <textarea id=\"message\" name=\"message\" placeholder=\"Enter your message\" rows=\"5\"  required><\/textarea>\n                    <\/div>\n                   \n\t\t\t\t\n\t\t\t\t<div class=\"form-submit\">\n\t<p class=\"error\" >Please note that you must enter at least one subject and one message. <\/p>\n\t\t\t\t\t<div class=\"ctas\">\n\t\t\t\t\t\t<a class=\"next-btn\"  id='nextStep1' type=\"button\" data-form-type=\"action\">Continue<\/a>\n\t\t\t\t\t<\/div>\n\t\t\t\t  \n         \t\t  <\/div>\n            <\/div>\n\n            <div class=\"form-main\" id='stepCoord'>\n              <h3 class=\"main-title\">Your contact details<\/h3>\n              <span class=\"main-title-info\">Fill them in so that we can contact you.<\/span>\n\n               <div class=\"field field-civility\">\n                 <select name=\"selectCivilite\" placeholder=\"S\u00e9lectionner une civilit\u00e9\">\n          \n                      <option value=\"Madame\">Ms.<\/option>\n                      <option value=\"Monsieur\">Mr.<\/option>\n                           \n                  <\/select>\n              <\/div>\n\n              <div class=\"field field-lastname field-required\">\n                <label for=\"lastname\" class=\"hidden-label\">Name *<\/label>\n                <input type=\"text\" pattern=\"patternNom\" alt=\"1\" name=\"lastname\" id=\"lastname\" placeholder=\"Name *\" required=\"\">\n              <\/div>\n\n              <div class=\"field field-name field-required\">\n                <label for=\"name\" class=\"hidden-label\">First name *<\/label>\n                <input type=\"text\" pattern=\"patternPrenom\" alt=\"1\" name=\"name\" id=\"name\" placeholder=\"First name *\" required=\"\">\n              <\/div>\n\n                  <div class=\"field field-name field-required\">\n                <label for=\"entreprise\" class=\"hidden-label\">Company *<\/label>\n                <input type=\"text\" pattern=\"patternPrenom\" alt=\"1\" name=\"entreprise\" id=\"entreprise\" placeholder=\"Company *\" required=\"\">\n              <\/div>\n                \n                    <div class=\"field field-name field-required\">\n                <label for=\"fct\" class=\"hidden-label\">Function<\/label>\n                <input type=\"text\" pattern=\"patternPrenom\" alt=\"1\" name=\"fct\" id=\"fct\" placeholder=\"Function *\" required=\"\">\n              <\/div>\n                \n              <div class=\"field field-email field-required\">\n                <label for=\"email\" class=\"hidden-label\">Email address<\/label>\n                <input type=\"text\" pattern=\"patternMail\" alt=\"1\" name=\"email\" id=\"email\" placeholder=\"Email address*\" required=\"\">\n              <\/div>\n\n              <div class=\"field field-phone field-required\">\n                <label for=\"phone\" class=\"hidden-label\">Phone<\/label>\n                <input type=\"text\" pattern=\"patternTel\" alt=\"1\" name=\"phone\" id=\"phone\" placeholder=\"Phone *\" required=\"\">\n              <\/div>\n\n\n              \n\n          \n\t\t\t\t\n\t\t\t  \t  <div class=\"form-submit\">\n\t\t\t      \t\t\n\t\t\t\t\t<p class=\"error2\" >Please note that all fields must be completed with a *. <\/p>\n\t\t\t      \n\t\t\t\t\t<div class=\"rgpd-text\">\n\t\t\t\t\t           <input type=\"checkbox\" name=\"checkOk\" id=\"checkOk\">\n\n\t\t\t\t\t\t\t    <label id=\"labelCheck\" for=\"checkOk\">I agree to submit this form and accept the <a href=\"https:\/\/www.mba.magellan-institute.com\/en\/politique-rgpd\/\" target=\"_blank\"><u>pInstitut Magellan's data protection policy<\/u><\/a>. The information collected is used to process your request and inform you of our offers.<\/label>\n\n\t\t\t\t\t\t<\/div>\n\t\t\t\t\n\t\t\t\t\t<p class=\"error3\" >Please note that you must accept the conditions. <\/p>\n\n\t\t\t\t\t  <div class=\"ctas\">\n\t\t\t\t\t\t  <a class=\"prev-btn\"  type=\"button\" id='prevStep1'>Back<\/a>\n\t\t\t\t\t\t  <a class=\"next-btn\" id='validStep' type=\"button\" data-form-type=\"action\">Confirm<\/a>\n\t\t\t\t\t\t<\/div>\n\n\t\t\t\t  <\/div>\n            <\/div>\n    <\/div>\n\t\t\t\t\n        <div class=\"clear\"><\/div>\n\n          <div class=\"form-timeline-ctn\">\n            <div class=\"timeline-wrapper\">\n              <div class=\"timeline\" style=\"transform: scaleX(0.5);\"><\/div>\n            <\/div>\n            <div class=\"number-container\">\n              <span class=\"currentNum\">1<\/span>\/<span class=\"max\">2<\/span>\n            <\/div>\n          <\/div>\n        <input type=\"hidden\" name=\"trp-form-language\" value=\"en\"\/><\/form>\n        \n    <\/div>\t\t\t\t<\/div>\n\t\t\t\t<\/div>\n\t\t\t\t<\/div>\n\t\t\t\t<\/div>\n\t\t\t\t\t<\/div>\n\t\t\t\t<\/div>\n\t\t\t\t<\/div>","protected":false},"excerpt":{"rendered":"<p>Contactez-nous Vous avez des questions sur les MBA propos\u00e9s au sein de l\u2019Institut Magellan ?\u00a0\u00a0 N\u2019attendez plus et contactez-nous directement via le formulaire ci-dessous ou par email aupr\u00e8s de la coordinatrice des formations qui se fera une joie de vous r\u00e9pondre sous 48h \u00e0 l\u2019adresse email suivante :\u00a0 contact@magellan-institute.com En savoir plus sur l&rsquo;Institut Magellan [&hellip;]<\/p>","protected":false},"author":2,"featured_media":1044,"parent":0,"menu_order":0,"comment_status":"closed","ping_status":"closed","template":"elementor_header_footer","meta":{"_acf_changed":false,"footnotes":""},"categories":[],"class_list":["post-72","page","type-page","status-publish","has-post-thumbnail","hentry"],"acf":[],"yoast_head":"<!-- This site is optimized with the Yoast SEO plugin v26.7 - https:\/\/yoast.com\/wordpress\/plugins\/seo\/ -->\n<title>Contactez-nous - Institut Magellan<\/title>\n<meta name=\"description\" content=\"Vous avez besoin de r\u00e9ponses ou vous souhaitez candidater \u00e0 l&#039;un de nos MBA de l&#039;Institut Magellan : remplissez ce court formulaire de contact.\" \/>\n<meta name=\"robots\" content=\"index, follow, max-snippet:-1, max-image-preview:large, max-video-preview:-1\" \/>\n<link rel=\"canonical\" href=\"https:\/\/www.mba.magellan-institute.com\/en\/contact\/\" \/>\n<meta property=\"og:locale\" content=\"en_US\" \/>\n<meta property=\"og:type\" content=\"article\" \/>\n<meta property=\"og:title\" content=\"Contactez-nous - Institut Magellan\" \/>\n<meta property=\"og:description\" content=\"Vous avez besoin de r\u00e9ponses ou vous souhaitez candidater \u00e0 l&#039;un de nos MBA de l&#039;Institut Magellan : remplissez ce court formulaire de contact.\" \/>\n<meta property=\"og:url\" content=\"https:\/\/www.mba.magellan-institute.com\/en\/contact\/\" \/>\n<meta property=\"og:site_name\" content=\"MBA Magellan\" \/>\n<meta property=\"article:modified_time\" content=\"2026-03-23T10:11:25+00:00\" \/>\n<meta property=\"og:image\" content=\"https:\/\/www.mba.magellan-institute.com\/wp-content\/uploads\/sites\/2\/2024\/10\/agence-olloweb-d9ILr-dbEdg-unsplash-scaled.jpg\" \/>\n\t<meta property=\"og:image:width\" content=\"2560\" \/>\n\t<meta property=\"og:image:height\" content=\"1700\" \/>\n\t<meta property=\"og:image:type\" content=\"image\/jpeg\" \/>\n<meta name=\"twitter:card\" content=\"summary_large_image\" \/>\n<meta name=\"twitter:label1\" content=\"Est. reading time\" \/>\n\t<meta name=\"twitter:data1\" content=\"2 minutes\" \/>\n<script type=\"application\/ld+json\" class=\"yoast-schema-graph\">{\"@context\":\"https:\/\/schema.org\",\"@graph\":[{\"@type\":\"WebPage\",\"@id\":\"https:\/\/www.mba.magellan-institute.com\/contact\/\",\"url\":\"https:\/\/www.mba.magellan-institute.com\/contact\/\",\"name\":\"Contactez-nous - Institut Magellan\",\"isPartOf\":{\"@id\":\"https:\/\/www.mba.magellan-institute.com\/#website\"},\"primaryImageOfPage\":{\"@id\":\"https:\/\/www.mba.magellan-institute.com\/contact\/#primaryimage\"},\"image\":{\"@id\":\"https:\/\/www.mba.magellan-institute.com\/contact\/#primaryimage\"},\"thumbnailUrl\":\"https:\/\/www.mba.magellan-institute.com\/wp-content\/uploads\/sites\/2\/2024\/10\/agence-olloweb-d9ILr-dbEdg-unsplash-scaled.jpg\",\"datePublished\":\"2024-08-09T13:33:31+00:00\",\"dateModified\":\"2026-03-23T10:11:25+00:00\",\"description\":\"Vous avez besoin de r\u00e9ponses ou vous souhaitez candidater \u00e0 l'un de nos MBA de l'Institut Magellan : remplissez ce court formulaire de contact.\",\"breadcrumb\":{\"@id\":\"https:\/\/www.mba.magellan-institute.com\/contact\/#breadcrumb\"},\"inLanguage\":\"en-US\",\"potentialAction\":[{\"@type\":\"ReadAction\",\"target\":[\"https:\/\/www.mba.magellan-institute.com\/contact\/\"]}]},{\"@type\":\"ImageObject\",\"inLanguage\":\"en-US\",\"@id\":\"https:\/\/www.mba.magellan-institute.com\/contact\/#primaryimage\",\"url\":\"https:\/\/www.mba.magellan-institute.com\/wp-content\/uploads\/sites\/2\/2024\/10\/agence-olloweb-d9ILr-dbEdg-unsplash-scaled.jpg\",\"contentUrl\":\"https:\/\/www.mba.magellan-institute.com\/wp-content\/uploads\/sites\/2\/2024\/10\/agence-olloweb-d9ILr-dbEdg-unsplash-scaled.jpg\",\"width\":2560,\"height\":1700},{\"@type\":\"BreadcrumbList\",\"@id\":\"https:\/\/www.mba.magellan-institute.com\/contact\/#breadcrumb\",\"itemListElement\":[{\"@type\":\"ListItem\",\"position\":1,\"name\":\"Accueil\",\"item\":\"https:\/\/www.mba.magellan-institute.com\/\"},{\"@type\":\"ListItem\",\"position\":2,\"name\":\"CONTACT\"}]},{\"@type\":\"WebSite\",\"@id\":\"https:\/\/www.mba.magellan-institute.com\/#website\",\"url\":\"https:\/\/www.mba.magellan-institute.com\/\",\"name\":\"MBA Magellan\",\"description\":\"Les MBA de l&#039;Institut Magellan\",\"publisher\":{\"@id\":\"https:\/\/www.mba.magellan-institute.com\/#organization\"},\"potentialAction\":[{\"@type\":\"SearchAction\",\"target\":{\"@type\":\"EntryPoint\",\"urlTemplate\":\"https:\/\/www.mba.magellan-institute.com\/?s={search_term_string}\"},\"query-input\":{\"@type\":\"PropertyValueSpecification\",\"valueRequired\":true,\"valueName\":\"search_term_string\"}}],\"inLanguage\":\"en-US\"},{\"@type\":\"Organization\",\"@id\":\"https:\/\/www.mba.magellan-institute.com\/#organization\",\"name\":\"MBA Magellan\",\"url\":\"https:\/\/www.mba.magellan-institute.com\/\",\"logo\":{\"@type\":\"ImageObject\",\"inLanguage\":\"en-US\",\"@id\":\"https:\/\/www.mba.magellan-institute.com\/#\/schema\/logo\/image\/\",\"url\":\"https:\/\/www.mba.magellan-institute.com\/wp-content\/uploads\/sites\/2\/2024\/06\/Institut-Magellan-logo-institutionnel-sans-tagline-_-fichier-source-grand-002.png\",\"contentUrl\":\"https:\/\/www.mba.magellan-institute.com\/wp-content\/uploads\/sites\/2\/2024\/06\/Institut-Magellan-logo-institutionnel-sans-tagline-_-fichier-source-grand-002.png\",\"width\":3401,\"height\":1862,\"caption\":\"MBA Magellan\"},\"image\":{\"@id\":\"https:\/\/www.mba.magellan-institute.com\/#\/schema\/logo\/image\/\"}}]}<\/script>\n<!-- \/ Yoast SEO plugin. -->","yoast_head_json":{"title":"Contactez-nous - Institut Magellan","description":"Vous avez besoin de r\u00e9ponses ou vous souhaitez candidater \u00e0 l'un de nos MBA de l'Institut Magellan : remplissez ce court formulaire de contact.","robots":{"index":"index","follow":"follow","max-snippet":"max-snippet:-1","max-image-preview":"max-image-preview:large","max-video-preview":"max-video-preview:-1"},"canonical":"https:\/\/www.mba.magellan-institute.com\/en\/contact\/","og_locale":"en_US","og_type":"article","og_title":"Contactez-nous - Institut Magellan","og_description":"Vous avez besoin de r\u00e9ponses ou vous souhaitez candidater \u00e0 l'un de nos MBA de l'Institut Magellan : remplissez ce court formulaire de contact.","og_url":"https:\/\/www.mba.magellan-institute.com\/en\/contact\/","og_site_name":"MBA Magellan","article_modified_time":"2026-03-23T10:11:25+00:00","og_image":[{"width":2560,"height":1700,"url":"https:\/\/www.mba.magellan-institute.com\/wp-content\/uploads\/sites\/2\/2024\/10\/agence-olloweb-d9ILr-dbEdg-unsplash-scaled.jpg","type":"image\/jpeg"}],"twitter_card":"summary_large_image","twitter_misc":{"Est. reading time":"2 minutes"},"schema":{"@context":"https:\/\/schema.org","@graph":[{"@type":"WebPage","@id":"https:\/\/www.mba.magellan-institute.com\/contact\/","url":"https:\/\/www.mba.magellan-institute.com\/contact\/","name":"Contactez-nous - Institut Magellan","isPartOf":{"@id":"https:\/\/www.mba.magellan-institute.com\/#website"},"primaryImageOfPage":{"@id":"https:\/\/www.mba.magellan-institute.com\/contact\/#primaryimage"},"image":{"@id":"https:\/\/www.mba.magellan-institute.com\/contact\/#primaryimage"},"thumbnailUrl":"https:\/\/www.mba.magellan-institute.com\/wp-content\/uploads\/sites\/2\/2024\/10\/agence-olloweb-d9ILr-dbEdg-unsplash-scaled.jpg","datePublished":"2024-08-09T13:33:31+00:00","dateModified":"2026-03-23T10:11:25+00:00","description":"Vous avez besoin de r\u00e9ponses ou vous souhaitez candidater \u00e0 l'un de nos MBA de l'Institut Magellan : remplissez ce court formulaire de contact.","breadcrumb":{"@id":"https:\/\/www.mba.magellan-institute.com\/contact\/#breadcrumb"},"inLanguage":"en-US","potentialAction":[{"@type":"ReadAction","target":["https:\/\/www.mba.magellan-institute.com\/contact\/"]}]},{"@type":"ImageObject","inLanguage":"en-US","@id":"https:\/\/www.mba.magellan-institute.com\/contact\/#primaryimage","url":"https:\/\/www.mba.magellan-institute.com\/wp-content\/uploads\/sites\/2\/2024\/10\/agence-olloweb-d9ILr-dbEdg-unsplash-scaled.jpg","contentUrl":"https:\/\/www.mba.magellan-institute.com\/wp-content\/uploads\/sites\/2\/2024\/10\/agence-olloweb-d9ILr-dbEdg-unsplash-scaled.jpg","width":2560,"height":1700},{"@type":"BreadcrumbList","@id":"https:\/\/www.mba.magellan-institute.com\/contact\/#breadcrumb","itemListElement":[{"@type":"ListItem","position":1,"name":"Accueil","item":"https:\/\/www.mba.magellan-institute.com\/"},{"@type":"ListItem","position":2,"name":"CONTACT"}]},{"@type":"WebSite","@id":"https:\/\/www.mba.magellan-institute.com\/#website","url":"https:\/\/www.mba.magellan-institute.com\/","name":"MBA Magellan","description":"Les MBA de l&#039;Institut Magellan","publisher":{"@id":"https:\/\/www.mba.magellan-institute.com\/#organization"},"potentialAction":[{"@type":"SearchAction","target":{"@type":"EntryPoint","urlTemplate":"https:\/\/www.mba.magellan-institute.com\/?s={search_term_string}"},"query-input":{"@type":"PropertyValueSpecification","valueRequired":true,"valueName":"search_term_string"}}],"inLanguage":"en-US"},{"@type":"Organization","@id":"https:\/\/www.mba.magellan-institute.com\/#organization","name":"MBA Magellan","url":"https:\/\/www.mba.magellan-institute.com\/","logo":{"@type":"ImageObject","inLanguage":"en-US","@id":"https:\/\/www.mba.magellan-institute.com\/#\/schema\/logo\/image\/","url":"https:\/\/www.mba.magellan-institute.com\/wp-content\/uploads\/sites\/2\/2024\/06\/Institut-Magellan-logo-institutionnel-sans-tagline-_-fichier-source-grand-002.png","contentUrl":"https:\/\/www.mba.magellan-institute.com\/wp-content\/uploads\/sites\/2\/2024\/06\/Institut-Magellan-logo-institutionnel-sans-tagline-_-fichier-source-grand-002.png","width":3401,"height":1862,"caption":"MBA Magellan"},"image":{"@id":"https:\/\/www.mba.magellan-institute.com\/#\/schema\/logo\/image\/"}}]}},"_links":{"self":[{"href":"https:\/\/www.mba.magellan-institute.com\/en\/wp-json\/wp\/v2\/pages\/72","targetHints":{"allow":["GET"]}}],"collection":[{"href":"https:\/\/www.mba.magellan-institute.com\/en\/wp-json\/wp\/v2\/pages"}],"about":[{"href":"https:\/\/www.mba.magellan-institute.com\/en\/wp-json\/wp\/v2\/types\/page"}],"author":[{"embeddable":true,"href":"https:\/\/www.mba.magellan-institute.com\/en\/wp-json\/wp\/v2\/users\/2"}],"replies":[{"embeddable":true,"href":"https:\/\/www.mba.magellan-institute.com\/en\/wp-json\/wp\/v2\/comments?post=72"}],"version-history":[{"count":46,"href":"https:\/\/www.mba.magellan-institute.com\/en\/wp-json\/wp\/v2\/pages\/72\/revisions"}],"predecessor-version":[{"id":3604,"href":"https:\/\/www.mba.magellan-institute.com\/en\/wp-json\/wp\/v2\/pages\/72\/revisions\/3604"}],"wp:featuredmedia":[{"embeddable":true,"href":"https:\/\/www.mba.magellan-institute.com\/en\/wp-json\/wp\/v2\/media\/1044"}],"wp:attachment":[{"href":"https:\/\/www.mba.magellan-institute.com\/en\/wp-json\/wp\/v2\/media?parent=72"}],"wp:term":[{"taxonomy":"category","embeddable":true,"href":"https:\/\/www.mba.magellan-institute.com\/en\/wp-json\/wp\/v2\/categories?post=72"}],"curies":[{"name":"wp","href":"https:\/\/api.w.org\/{rel}","templated":true}]}}